{"id":225,"date":"2026-04-13T16:00:59","date_gmt":"2026-04-13T16:00:59","guid":{"rendered":"https:\/\/nukkalandia.fi\/?page_id=225"},"modified":"2026-04-13T16:02:11","modified_gmt":"2026-04-13T16:02:11","slug":"galleria","status":"publish","type":"page","link":"https:\/\/nukkalandia.fi\/index.php\/galleria\/","title":{"rendered":"Galleria"},"content":{"rendered":"\n\n\n<figure class=\"wp-block-image size-large\"><img loading=\"lazy\" decoding=\"async\" width=\"819\" height=\"1024\" src=\"https:\/\/nukkalandia.fi\/wp-content\/uploads\/2026\/04\/hamster-819x1024.jpeg\" alt=\"\" class=\"wp-image-231\" srcset=\"https:\/\/nukkalandia.fi\/wp-content\/uploads\/2026\/04\/hamster-819x1024.jpeg 819w, https:\/\/nukkalandia.fi\/wp-content\/uploads\/2026\/04\/hamster-240x300.jpeg 240w, https:\/\/nukkalandia.fi\/wp-content\/uploads\/2026\/04\/hamster-768x960.jpeg 768w, https:\/\/nukkalandia.fi\/wp-content\/uploads\/2026\/04\/hamster.jpeg 1080w\" sizes=\"auto, (max-width: 819px) 100vw, 819px\" \/><figcaption class=\"wp-element-caption\">Hamster elf<\/figcaption><\/figure>\n\n\n\n<figure class=\"wp-block-image size-large\"><img loading=\"lazy\" decoding=\"async\" width=\"819\" height=\"1024\" src=\"https:\/\/nukkalandia.fi\/wp-content\/uploads\/2026\/04\/Friendship-819x1024.jpeg\" alt=\"\" class=\"wp-image-233\" srcset=\"https:\/\/nukkalandia.fi\/wp-content\/uploads\/2026\/04\/Friendship-819x1024.jpeg 819w, https:\/\/nukkalandia.fi\/wp-content\/uploads\/2026\/04\/Friendship-240x300.jpeg 240w, https:\/\/nukkalandia.fi\/wp-content\/uploads\/2026\/04\/Friendship-768x960.jpeg 768w, https:\/\/nukkalandia.fi\/wp-content\/uploads\/2026\/04\/Friendship.jpeg 1080w\" sizes=\"auto, (max-width: 819px) 100vw, 819px\" \/><figcaption class=\"wp-element-caption\">Friendship<\/figcaption><\/figure>\n\n\n\n<figure class=\"wp-block-image size-large\"><img loading=\"lazy\" decoding=\"async\" width=\"819\" height=\"1024\" src=\"https:\/\/nukkalandia.fi\/wp-content\/uploads\/2026\/04\/TheLawer-819x1024.jpeg\" alt=\"\" class=\"wp-image-234\" srcset=\"https:\/\/nukkalandia.fi\/wp-content\/uploads\/2026\/04\/TheLawer-819x1024.jpeg 819w, https:\/\/nukkalandia.fi\/wp-content\/uploads\/2026\/04\/TheLawer-240x300.jpeg 240w, https:\/\/nukkalandia.fi\/wp-content\/uploads\/2026\/04\/TheLawer-768x960.jpeg 768w, https:\/\/nukkalandia.fi\/wp-content\/uploads\/2026\/04\/TheLawer.jpeg 1080w\" sizes=\"auto, (max-width: 819px) 100vw, 819px\" \/><figcaption class=\"wp-element-caption\">TheLayer<\/figcaption><\/figure>\n\n\n\n<figure class=\"wp-block-image size-large\"><img loading=\"lazy\" decoding=\"async\" width=\"819\" height=\"1024\" src=\"https:\/\/nukkalandia.fi\/wp-content\/uploads\/2026\/04\/TheStarBoy-819x1024.jpeg\" alt=\"\" class=\"wp-image-235\" srcset=\"https:\/\/nukkalandia.fi\/wp-content\/uploads\/2026\/04\/TheStarBoy-819x1024.jpeg 819w, https:\/\/nukkalandia.fi\/wp-content\/uploads\/2026\/04\/TheStarBoy-240x300.jpeg 240w, https:\/\/nukkalandia.fi\/wp-content\/uploads\/2026\/04\/TheStarBoy-768x960.jpeg 768w, https:\/\/nukkalandia.fi\/wp-content\/uploads\/2026\/04\/TheStarBoy.jpeg 1080w\" sizes=\"auto, (max-width: 819px) 100vw, 819px\" \/><figcaption class=\"wp-element-caption\">TheStarBoy<\/figcaption><\/figure>\n\n\n\n<figure class=\"wp-block-image size-large\"><img loading=\"lazy\" decoding=\"async\" width=\"819\" height=\"1024\" src=\"https:\/\/nukkalandia.fi\/wp-content\/uploads\/2026\/04\/3.0-819x1024.jpeg\" alt=\"\" class=\"wp-image-236\" srcset=\"https:\/\/nukkalandia.fi\/wp-content\/uploads\/2026\/04\/3.0-819x1024.jpeg 819w, https:\/\/nukkalandia.fi\/wp-content\/uploads\/2026\/04\/3.0-240x300.jpeg 240w, https:\/\/nukkalandia.fi\/wp-content\/uploads\/2026\/04\/3.0-768x960.jpeg 768w, https:\/\/nukkalandia.fi\/wp-content\/uploads\/2026\/04\/3.0.jpeg 1080w\" sizes=\"auto, (max-width: 819px) 100vw, 819px\" \/><figcaption class=\"wp-element-caption\">TheNew\u00c4ij\u00e4 3.0. &#8211; \u00c4ij\u00e4Collection<\/figcaption><\/figure>\n\n\n\n<figure class=\"wp-block-image size-large\"><img loading=\"lazy\" decoding=\"async\" width=\"819\" height=\"1024\" src=\"https:\/\/nukkalandia.fi\/wp-content\/uploads\/2026\/04\/valonvoimaa-819x1024.jpeg\" alt=\"\" class=\"wp-image-237\" srcset=\"https:\/\/nukkalandia.fi\/wp-content\/uploads\/2026\/04\/valonvoimaa-819x1024.jpeg 819w, https:\/\/nukkalandia.fi\/wp-content\/uploads\/2026\/04\/valonvoimaa-240x300.jpeg 240w, https:\/\/nukkalandia.fi\/wp-content\/uploads\/2026\/04\/valonvoimaa-768x960.jpeg 768w, https:\/\/nukkalandia.fi\/wp-content\/uploads\/2026\/04\/valonvoimaa.jpeg 1080w\" sizes=\"auto, (max-width: 819px) 100vw, 819px\" \/><\/figure>\n\n\n\n<p>WalonWoimaa<\/p>\n\n\n\n<p><\/p>\n","protected":false},"excerpt":{"rendered":"<p>WalonWoimaa<\/p>\n","protected":false},"author":2,"featured_media":0,"parent":0,"menu_order":3,"comment_status":"closed","ping_status":"closed","template":"","meta":{"footnotes":"[]"},"class_list":["post-225","page","type-page","status-publish","hentry"],"_links":{"self":[{"href":"https:\/\/nukkalandia.fi\/index.php\/wp-json\/wp\/v2\/pages\/225","targetHints":{"allow":["GET"]}}],"collection":[{"href":"https:\/\/nukkalandia.fi\/index.php\/wp-json\/wp\/v2\/pages"}],"about":[{"href":"https:\/\/nukkalandia.fi\/index.php\/wp-json\/wp\/v2\/types\/page"}],"author":[{"embeddable":true,"href":"https:\/\/nukkalandia.fi\/index.php\/wp-json\/wp\/v2\/users\/2"}],"replies":[{"embeddable":true,"href":"https:\/\/nukkalandia.fi\/index.php\/wp-json\/wp\/v2\/comments?post=225"}],"version-history":[{"count":2,"href":"https:\/\/nukkalandia.fi\/index.php\/wp-json\/wp\/v2\/pages\/225\/revisions"}],"predecessor-version":[{"id":238,"href":"https:\/\/nukkalandia.fi\/index.php\/wp-json\/wp\/v2\/pages\/225\/revisions\/238"}],"wp:attachment":[{"href":"https:\/\/nukkalandia.fi\/index.php\/wp-json\/wp\/v2\/media?parent=225"}],"curies":[{"name":"wp","href":"https:\/\/api.w.org\/{rel}","templated":true}]}}